{"id":38,"date":"2021-03-30T20:19:19","date_gmt":"2021-03-30T18:19:19","guid":{"rendered":"http:\/\/itmar.nazwa.pl\/p16wroclaw\/?page_id=38"},"modified":"2021-09-08T17:50:10","modified_gmt":"2021-09-08T15:50:10","slug":"wizja","status":"publish","type":"page","link":"https:\/\/zsp16.wroclaw.pl\/p16wroclaw\/wizja\/","title":{"rendered":"MISJA"},"content":{"rendered":"<table class=\"contentpaneopen\">\n<tbody>\n<tr>\n<td valign=\"top\"><img loading=\"lazy\" decoding=\"async\" class=\"aligncenter\" src=\"http:\/\/zsp16.wroclaw.pl\/p16x\/templates\/themza_j15_74\/images\/p16.jpg\" width=\"150\" height=\"148\" border=\"0\" \/><br \/>\nPrzedszkole jest miejscem dobrej zabawy, m\u0105dro\u015bci\u0105, szcz\u0119\u015bciem, rado\u015bci\u0105.<br \/>\nWiemy, \u017ce najwi\u0119kszym dobrem jest dobro dziecka. Pragniemy przygotowa\u0107 je do odnoszenia sukces\u00f3w i radzenia sobie z trudno\u015bciami. Stworzymy ka\u017cdemu dziecku szans\u0119 rozwoju w miar\u0119 jego mo\u017cliwo\u015bci. Zrobimy wszystko aby w ka\u017cdym dziecku rozbudza\u0107 ciekawo\u015b\u0107 \u015bwiata i ludzi, spostrzegawczo\u015b\u0107 i wra\u017cliwo\u015b\u0107. Chcemy wychowa\u0107 dziecko z bogat\u0105 wyobra\u017ani\u0105 tw\u00f3rcz\u0105, zdolne do spontanicznej ekspresji w\u0142asnych uczu\u0107 i my\u015bli, otwarte na pomys\u0142y i inspiracje p\u0142yn\u0105ce od innych os\u00f3b oraz gotowe szuka\u0107 nowych, lepszych i oryginalnych rozwi\u0105za\u0144.<\/td>\n<\/tr>\n<\/tbody>\n<\/table>\n<p><span class=\"article_separator\">\u00a0<\/span><\/p>\n","protected":false},"excerpt":{"rendered":"<p>Przedszkole jest miejscem dobrej zabawy, m\u0105dro\u015bci\u0105, szcz\u0119\u015bciem, rado\u015bci\u0105. Wiemy, \u017ce najwi\u0119kszym dobrem jest dobro dziecka. Pragniemy przygotowa\u0107 je do odnoszenia sukces\u00f3w i radzenia sobie z trudno\u015bciami. Stworzymy ka\u017cdemu dziecku szans\u0119&hellip;<\/p>\n","protected":false},"author":1,"featured_media":0,"parent":0,"menu_order":0,"comment_status":"closed","ping_status":"closed","template":"","meta":{"footnotes":""},"class_list":["post-38","page","type-page","status-publish","hentry"],"_links":{"self":[{"href":"https:\/\/zsp16.wroclaw.pl\/p16wroclaw\/wp-json\/wp\/v2\/pages\/38","targetHints":{"allow":["GET"]}}],"collection":[{"href":"https:\/\/zsp16.wroclaw.pl\/p16wroclaw\/wp-json\/wp\/v2\/pages"}],"about":[{"href":"https:\/\/zsp16.wroclaw.pl\/p16wroclaw\/wp-json\/wp\/v2\/types\/page"}],"author":[{"embeddable":true,"href":"https:\/\/zsp16.wroclaw.pl\/p16wroclaw\/wp-json\/wp\/v2\/users\/1"}],"replies":[{"embeddable":true,"href":"https:\/\/zsp16.wroclaw.pl\/p16wroclaw\/wp-json\/wp\/v2\/comments?post=38"}],"version-history":[{"count":5,"href":"https:\/\/zsp16.wroclaw.pl\/p16wroclaw\/wp-json\/wp\/v2\/pages\/38\/revisions"}],"predecessor-version":[{"id":280,"href":"https:\/\/zsp16.wroclaw.pl\/p16wroclaw\/wp-json\/wp\/v2\/pages\/38\/revisions\/280"}],"wp:attachment":[{"href":"https:\/\/zsp16.wroclaw.pl\/p16wroclaw\/wp-json\/wp\/v2\/media?parent=38"}],"curies":[{"name":"wp","href":"https:\/\/api.w.org\/{rel}","templated":true}]}}